{"id":33,"date":"2018-09-18T22:04:24","date_gmt":"2018-09-18T22:04:24","guid":{"rendered":"https:\/\/www.senarica.info\/?page_id=33"},"modified":"2022-08-20T15:21:28","modified_gmt":"2022-08-20T15:21:28","slug":"storia-della-repubblica","status":"publish","type":"page","link":"https:\/\/www.senarica.info\/?page_id=33","title":{"rendered":"Storia della Repubblica"},"content":{"rendered":"<p><strong><span style=\"color: #444444;\"><span style=\"font-family: Open Sans;\"><span style=\"font-size: medium;\"><a href=\"https:\/\/www.senarica.info\/wp-content\/uploads\/2018\/09\/Carta_contado_di_Aquila_con_repubblica_di_Senarica.jpg\" target=\"_blank\" rel=\"noopener\"><img loading=\"lazy\" decoding=\"async\" class=\"alignleft wp-image-34 size-medium\" src=\"https:\/\/www.senarica.info\/wp-content\/uploads\/2018\/09\/Carta_contado_di_Aquila_con_repubblica_di_Senarica-300x136.jpg\" alt=\"\" width=\"300\" height=\"136\" srcset=\"https:\/\/www.senarica.info\/wp-content\/uploads\/2018\/09\/Carta_contado_di_Aquila_con_repubblica_di_Senarica-300x136.jpg 300w, https:\/\/www.senarica.info\/wp-content\/uploads\/2018\/09\/Carta_contado_di_Aquila_con_repubblica_di_Senarica-768x347.jpg 768w, https:\/\/www.senarica.info\/wp-content\/uploads\/2018\/09\/Carta_contado_di_Aquila_con_repubblica_di_Senarica.jpg 885w\" sizes=\"auto, (max-width: 300px) 100vw, 300px\" \/><\/a>DA FEUDO A REPUBBLICA<\/span><\/span><\/span><\/strong><span style=\"color: #444444;\"><span style=\"font-family: Open Sans;\"><span style=\"font-size: medium;\"><br \/>\nsecondo lo storico Niccola Castagna: la regina Giovanna I D\u2019Angi\u00f2 concesse a Senarica insieme a Poggio Umbricchio, quale riconoscimento per il coraggio e la fedelt\u00e0 dimostrata nel respingere le truppe Viscontee nel 1356, la possibilit\u00e0 di governarsi con proprie leggi, escludendo quindi ogni vassallaggio nei confronti di duchi, marchesi o conti, ma soggetti solo direttamente alla sua corona.<br \/>\nInfatti gli abitanti dei due villaggi, in virt\u00f9 dell\u2019antico diritto longobardo che prevedeva la successione delle propriet\u00e0 a tutti i discendenti maschi, non solo al primogenito, si consideravano tutti Baroni di loro stessi, quindi si proclamarono Repubblica di Senarica, dove tutti erano nobili, no<\/span><\/span><\/span><span style=\"color: #444444;\"><span style=\"font-family: Open Sans;\"><span style=\"font-size: medium;\">min<\/span><\/span><\/span><span style=\"color: #444444;\"><span style=\"font-family: Open Sans;\"><span style=\"font-size: medium;\">avano da soli i propri magistrati e eleggevano un Doge a capo della Repubblica.<br \/>\nLa denominazione di Repubblica di Senarica risulta anche su molti documenti storici e geografici fino alla met\u00e0 del XIX secolo.<\/span><\/span><\/span><\/p>\n<p><strong><span style=\"color: #444444;\"><span style=\"font-family: Open Sans;\"><span style=\"font-size: medium;\"><img loading=\"lazy\" decoding=\"async\" class=\"size-full wp-image-35 alignleft\" src=\"https:\/\/www.senarica.info\/wp-content\/uploads\/2018\/09\/Sigillo-RdiSenarica-01.png\" alt=\"\" width=\"126\" height=\"120\" \/>SERENISSIMA SORELLA<\/span><\/span><\/span><\/strong><span style=\"color: #444444;\"><span style=\"font-family: Open Sans;\"><span style=\"font-size: medium;\"><br \/>\nNell\u2019organizzare lo status di repubblica, i senarichesi presero ad esempio la pi\u00f9 importante di quel tempo: La Repubblica di Venezia che (sempre secondo il Castagna) concesse alla minuscola repubblica appenninica la propria protezione, definendola addirittura come \u201cserenissima sorella\u201d.<br \/>\nIn virt\u00f9 di questa alleanza i senarichesi avrebbero inviato a Venezia 12 carlini d\u2019oro annui e, in caso di necessit\u00e0 belliche, anche 2 soldati.<\/span><\/span><\/span><\/p>\n<p><img loading=\"lazy\" decoding=\"async\" class=\"size-thumbnail wp-image-36 alignright\" src=\"https:\/\/www.senarica.info\/wp-content\/uploads\/2018\/09\/LionArchitrave01-150x83.jpg\" alt=\"\" width=\"150\" height=\"83\" \/>Anche la scelta del \u201cleone rampante\u201d come simbolo della repubblica, la si vuole interpretare come un tributo al leone di S<span style=\"color: #444444;\"><span style=\"font-family: Open Sans;\"><span style=\"font-size: medium;\">an <\/span><\/span><\/span><span style=\"color: #444444;\"><span style=\"font-family: Open Sans;\"><span style=\"font-size: medium;\">Marco, simbolo della Serenissima Repubblica di Venezia.<\/span><\/span><\/span><\/p>\n<p><strong><span style=\"color: #444444;\"><span style=\"font-family: Open Sans;\"><span style=\"font-size: medium;\"><br \/>\nCONSIDERAZIONI<br \/>\n<\/span><\/span><\/span><\/strong><span style=\"color: #444444;\"><span style=\"font-family: Open Sans;\"><span style=\"font-size: medium;\">Gli storici sono discordi, i documenti, specie i pi\u00f9 antichi, scarsi o inesistenti, le testimonianze, incise o scolpite su pietre o architravi di abitazioni attuali, sono ridotte a poche unit\u00e0, ci\u00f2 nonostante ci piace pensare che questo minuscolo paese abbia avuto comunque un passato molto importante.<br \/>\nInfatti se consultiamo dizionari geografici o descrizioni del regno di Napoli, ancora fino alla met\u00e0 del 1800 troviamo che Senarica, a volte indicata proprio Repubblica, era una delle realt\u00e0 di rilievo all\u2019interno della provincia di Teramo.<br \/>\nSe poi valutiamo la probabile realt\u00e0 di autogoverno di quel feudo longobardo, dove Carlo V Re di Napoli conferm\u00f2 nel 1616 il diritto in perpetuo di propriet\u00e0 a 10 capifamiglia senarichesi e ai loro discendenti, allora possiamo considerare il significato di Repubblica semplicemente come governo affidato democraticamente al popolo (<\/span><\/span><\/span><span style=\"color: #444444;\"><span style=\"font-family: Open Sans;\"><span style=\"font-size: medium;\"><i>res publica<\/i><\/span><\/span><\/span><span style=\"color: #444444;\"><span style=\"font-family: Open Sans;\"><span style=\"font-size: medium;\">), come succedeva realmente a Senarica.<\/span><\/span><\/span><\/p>\n<p>&nbsp;<\/p>\n<p><strong>APPROFONDIMENTI<\/strong><\/p>\n<ul>\n<li><a href=\"https:\/\/it.wikipedia.org\/wiki\/Repubblica_di_Senarica\">Wikipedia &#8211; La Repubblica di Senarica<\/a><\/li>\n<\/ul>\n","protected":false},"excerpt":{"rendered":"<p>DA FEUDO A REPUBBLICA secondo lo storico Niccola Castagna: la regina Giovanna I D\u2019Angi\u00f2 concesse a Senarica insieme a Poggio Umbricchio, quale riconoscimento per il coraggio e la fedelt\u00e0 dimostrata nel respingere le truppe Viscontee nel 1356, la possibilit\u00e0 di governarsi con proprie leggi, escludendo quindi ogni vassallaggio nei confronti di duchi, marchesi o conti, ma soggetti solo direttamente alla sua corona. Infatti gli abitanti dei due villaggi, in virt\u00f9 dell\u2019antico diritto longobardo che prevedeva la successione delle propriet\u00e0 a&#8230;<\/p>\n<p class=\"read-more\"><a class=\"btn btn-default\" href=\"https:\/\/www.senarica.info\/?page_id=33\">Leggi tutto<span class=\"screen-reader-text\"> Leggi tutto<\/span><\/a><\/p>\n","protected":false},"author":1,"featured_media":0,"parent":0,"menu_order":0,"comment_status":"closed","ping_status":"closed","template":"","meta":{"footnotes":""},"class_list":["post-33","page","type-page","status-publish","hentry"],"_links":{"self":[{"href":"https:\/\/www.senarica.info\/index.php?rest_route=\/wp\/v2\/pages\/33","targetHints":{"allow":["GET"]}}],"collection":[{"href":"https:\/\/www.senarica.info\/index.php?rest_route=\/wp\/v2\/pages"}],"about":[{"href":"https:\/\/www.senarica.info\/index.php?rest_route=\/wp\/v2\/types\/page"}],"author":[{"embeddable":true,"href":"https:\/\/www.senarica.info\/index.php?rest_route=\/wp\/v2\/users\/1"}],"replies":[{"embeddable":true,"href":"https:\/\/www.senarica.info\/index.php?rest_route=%2Fwp%2Fv2%2Fcomments&post=33"}],"version-history":[{"count":6,"href":"https:\/\/www.senarica.info\/index.php?rest_route=\/wp\/v2\/pages\/33\/revisions"}],"predecessor-version":[{"id":133,"href":"https:\/\/www.senarica.info\/index.php?rest_route=\/wp\/v2\/pages\/33\/revisions\/133"}],"wp:attachment":[{"href":"https:\/\/www.senarica.info\/index.php?rest_route=%2Fwp%2Fv2%2Fmedia&parent=33"}],"curies":[{"name":"wp","href":"https:\/\/api.w.org\/{rel}","templated":true}]}}